{"id":602,"date":"2022-10-11T19:00:10","date_gmt":"2022-10-11T17:00:10","guid":{"rendered":"https:\/\/terakids.pl\/?page_id=602"},"modified":"2024-12-01T20:36:00","modified_gmt":"2024-12-01T19:36:00","slug":"tera-kids-bobas-gliwice","status":"publish","type":"page","link":"https:\/\/terakids.pl\/?page_id=602","title":{"rendered":"Opieka Dzienna Tera-Kids Bobas w Rybniku"},"content":{"rendered":"\t\t<div data-elementor-type=\"wp-page\" data-elementor-id=\"602\" class=\"elementor elementor-602\">\n\t\t\t\t\t\t\t\t\t<section class=\"elementor-section elementor-top-section elementor-element elementor-element-a3b1122 elementor-section-boxed elementor-section-height-default elementor-section-height-default\" data-id=\"a3b1122\" data-element_type=\"section\" data-settings=\"{&quot;background_background&quot;:&quot;gradient&quot;}\">\n\t\t\t\t\t\t<div class=\"elementor-container elementor-column-gap-default\">\n\t\t\t\t\t<div class=\"elementor-column elementor-col-100 elementor-top-column elementor-element elementor-element-36856c0\" data-id=\"36856c0\" data-element_type=\"column\">\n\t\t\t<div class=\"elementor-widget-wrap elementor-element-populated\">\n\t\t\t\t\t\t\t\t<div class=\"elementor-element elementor-element-7ca7d9d elementor-widget elementor-widget-heading\" data-id=\"7ca7d9d\" data-element_type=\"widget\" data-widget_type=\"heading.default\">\n\t\t\t\t<div class=\"elementor-widget-container\">\n\t\t\t<style>\/*! elementor - v3.6.6 - 08-06-2022 *\/\n.elementor-heading-title{padding:0;margin:0;line-height:1}.elementor-widget-heading .elementor-heading-title[class*=elementor-size-]>a{color:inherit;font-size:inherit;line-height:inherit}.elementor-widget-heading .elementor-heading-title.elementor-size-small{font-size:15px}.elementor-widget-heading .elementor-heading-title.elementor-size-medium{font-size:19px}.elementor-widget-heading .elementor-heading-title.elementor-size-large{font-size:29px}.elementor-widget-heading .elementor-heading-title.elementor-size-xl{font-size:39px}.elementor-widget-heading .elementor-heading-title.elementor-size-xxl{font-size:59px}<\/style><h2 class=\"elementor-heading-title elementor-size-default\">Opieka Dzienna T`ERA-KIDS BOBAS w Rybniku<\/h2>\t\t<\/div>\n\t\t\t\t<\/div>\n\t\t\t\t\t<\/div>\n\t\t<\/div>\n\t\t\t\t\t\t\t<\/div>\n\t\t<\/section>\n\t\t\t\t<section class=\"elementor-section elementor-top-section elementor-element elementor-element-334b133 elementor-section-boxed elementor-section-height-default elementor-section-height-default\" data-id=\"334b133\" data-element_type=\"section\">\n\t\t\t\t\t\t<div class=\"elementor-container elementor-column-gap-default\">\n\t\t\t\t\t<div class=\"elementor-column elementor-col-100 elementor-top-column elementor-element elementor-element-2e15011\" data-id=\"2e15011\" data-element_type=\"column\">\n\t\t\t<div class=\"elementor-widget-wrap elementor-element-populated\">\n\t\t\t\t\t\t\t\t<div class=\"elementor-element elementor-element-8b4988d elementor-widget elementor-widget-image\" data-id=\"8b4988d\" data-element_type=\"widget\" data-widget_type=\"image.default\">\n\t\t\t\t<div class=\"elementor-widget-container\">\n\t\t\t<style>\/*! elementor - v3.6.6 - 08-06-2022 *\/\n.elementor-widget-image{text-align:center}.elementor-widget-image a{display:inline-block}.elementor-widget-image a img[src$=\".svg\"]{width:48px}.elementor-widget-image img{vertical-align:middle;display:inline-block}<\/style>\t\t\t\t\t\t\t\t\t\t\t\t<img width=\"1448\" height=\"2048\" src=\"https:\/\/terakids.pl\/wp-content\/uploads\/2024\/12\/Juz-wkrotce-w-Rybniku--1448x2048.png\" class=\"attachment-2048x2048 size-2048x2048\" alt=\"\" loading=\"lazy\" srcset=\"https:\/\/terakids.pl\/wp-content\/uploads\/2024\/12\/Juz-wkrotce-w-Rybniku--1448x2048.png 1448w, https:\/\/terakids.pl\/wp-content\/uploads\/2024\/12\/Juz-wkrotce-w-Rybniku--212x300.png 212w, https:\/\/terakids.pl\/wp-content\/uploads\/2024\/12\/Juz-wkrotce-w-Rybniku--724x1024.png 724w, https:\/\/terakids.pl\/wp-content\/uploads\/2024\/12\/Juz-wkrotce-w-Rybniku--768x1086.png 768w, https:\/\/terakids.pl\/wp-content\/uploads\/2024\/12\/Juz-wkrotce-w-Rybniku--1086x1536.png 1086w, https:\/\/terakids.pl\/wp-content\/uploads\/2024\/12\/Juz-wkrotce-w-Rybniku--1200x1698.png 1200w, https:\/\/terakids.pl\/wp-content\/uploads\/2024\/12\/Juz-wkrotce-w-Rybniku-.png 1587w\" sizes=\"(max-width: 1448px) 100vw, 1448px\" \/>\t\t\t\t\t\t\t\t\t\t\t\t\t\t\t<\/div>\n\t\t\t\t<\/div>\n\t\t\t\t<div class=\"elementor-element elementor-element-7b13c6f elementor-widget elementor-widget-image\" data-id=\"7b13c6f\" data-element_type=\"widget\" data-widget_type=\"image.default\">\n\t\t\t\t<div class=\"elementor-widget-container\">\n\t\t\t\t\t\t\t\t\t\t\t\t\t\t\t<img width=\"1428\" height=\"2000\" src=\"https:\/\/terakids.pl\/wp-content\/uploads\/2024\/12\/Doodle-Caterpillar-Nursery-Postcard-\u2013-kopia-1.png\" class=\"attachment-2048x2048 size-2048x2048\" alt=\"\" loading=\"lazy\" srcset=\"https:\/\/terakids.pl\/wp-content\/uploads\/2024\/12\/Doodle-Caterpillar-Nursery-Postcard-\u2013-kopia-1.png 1428w, https:\/\/terakids.pl\/wp-content\/uploads\/2024\/12\/Doodle-Caterpillar-Nursery-Postcard-\u2013-kopia-1-214x300.png 214w, https:\/\/terakids.pl\/wp-content\/uploads\/2024\/12\/Doodle-Caterpillar-Nursery-Postcard-\u2013-kopia-1-731x1024.png 731w, https:\/\/terakids.pl\/wp-content\/uploads\/2024\/12\/Doodle-Caterpillar-Nursery-Postcard-\u2013-kopia-1-768x1076.png 768w, https:\/\/terakids.pl\/wp-content\/uploads\/2024\/12\/Doodle-Caterpillar-Nursery-Postcard-\u2013-kopia-1-1097x1536.png 1097w, https:\/\/terakids.pl\/wp-content\/uploads\/2024\/12\/Doodle-Caterpillar-Nursery-Postcard-\u2013-kopia-1-1200x1681.png 1200w\" sizes=\"(max-width: 1428px) 100vw, 1428px\" \/>\t\t\t\t\t\t\t\t\t\t\t\t\t\t\t<\/div>\n\t\t\t\t<\/div>\n\t\t\t\t\t<\/div>\n\t\t<\/div>\n\t\t\t\t\t\t\t<\/div>\n\t\t<\/section>\n\t\t\t\t<section class=\"elementor-section elementor-top-section elementor-element elementor-element-93f5fa3 elementor-section-boxed elementor-section-height-default elementor-section-height-default\" data-id=\"93f5fa3\" data-element_type=\"section\">\n\t\t\t\t\t\t<div class=\"elementor-container elementor-column-gap-default\">\n\t\t\t\t\t<div class=\"elementor-column elementor-col-100 elementor-top-column elementor-element elementor-element-4854113\" data-id=\"4854113\" data-element_type=\"column\">\n\t\t\t<div class=\"elementor-widget-wrap elementor-element-populated\">\n\t\t\t\t\t\t\t\t<div class=\"elementor-element elementor-element-eec4a26 elementor-widget elementor-widget-text-editor\" data-id=\"eec4a26\" data-element_type=\"widget\" data-widget_type=\"text-editor.default\">\n\t\t\t\t<div class=\"elementor-widget-container\">\n\t\t\t<style>\/*! elementor - v3.6.6 - 08-06-2022 *\/\n.elementor-widget-text-editor.elementor-drop-cap-view-stacked .elementor-drop-cap{background-color:#818a91;color:#fff}.elementor-widget-text-editor.elementor-drop-cap-view-framed .elementor-drop-cap{color:#818a91;border:3px solid;background-color:transparent}.elementor-widget-text-editor:not(.elementor-drop-cap-view-default) .elementor-drop-cap{margin-top:8px}.elementor-widget-text-editor:not(.elementor-drop-cap-view-default) .elementor-drop-cap-letter{width:1em;height:1em}.elementor-widget-text-editor .elementor-drop-cap{float:left;text-align:center;line-height:1;font-size:50px}.elementor-widget-text-editor .elementor-drop-cap-letter{display:inline-block}<\/style>\t\t\t\t<p>Kontakt<\/p>\t\t\t\t\t\t<\/div>\n\t\t\t\t<\/div>\n\t\t\t\t<div class=\"elementor-element elementor-element-d0c066e elementor-widget elementor-widget-text-editor\" data-id=\"d0c066e\" data-element_type=\"widget\" data-widget_type=\"text-editor.default\">\n\t\t\t\t<div class=\"elementor-widget-container\">\n\t\t\t\t\t\t\t<p>Opieka Dzienna TERA-KIDS Bobas w Rybniku<\/p><p>ul. Os. Po\u0142udnie 57 b<\/p><p>44-100 Rybnik-Boguszowice<\/p><p>+48 794 221 101<\/p><p>e-mail: terakidsrybnik@gmail.com<\/p>\t\t\t\t\t\t<\/div>\n\t\t\t\t<\/div>\n\t\t\t\t\t<\/div>\n\t\t<\/div>\n\t\t\t\t\t\t\t<\/div>\n\t\t<\/section>\n\t\t\t\t<section class=\"elementor-section elementor-top-section elementor-element elementor-element-41b1385 elementor-section-boxed elementor-section-height-default elementor-section-height-default\" data-id=\"41b1385\" data-element_type=\"section\" data-settings=\"{&quot;background_background&quot;:&quot;gradient&quot;}\">\n\t\t\t\t\t\t<div class=\"elementor-container elementor-column-gap-default\">\n\t\t\t\t\t<div class=\"elementor-column elementor-col-20 elementor-top-column elementor-element elementor-element-76ba791\" data-id=\"76ba791\" data-element_type=\"column\">\n\t\t\t<div class=\"elementor-widget-wrap\">\n\t\t\t\t\t\t\t\t\t<\/div>\n\t\t<\/div>\n\t\t\t\t<div class=\"elementor-column elementor-col-20 elementor-top-column elementor-element elementor-element-ece8b7b\" data-id=\"ece8b7b\" data-element_type=\"column\">\n\t\t\t<div class=\"elementor-widget-wrap elementor-element-populated\">\n\t\t\t\t\t\t\t\t<div class=\"elementor-element elementor-element-bc30b24 elementor-widget elementor-widget-image\" data-id=\"bc30b24\" data-element_type=\"widget\" data-widget_type=\"image.default\">\n\t\t\t\t<div class=\"elementor-widget-container\">\n\t\t\t\t\t\t\t\t\t\t\t\t\t\t\t\t<a href=\"https:\/\/terakids.pl\/\">\n\t\t\t\t\t\t\t<img width=\"580\" height=\"126\" src=\"https:\/\/terakids.pl\/wp-content\/uploads\/2022\/06\/logo-TERA-KIDS-new.jpg\" class=\"attachment-large size-large\" alt=\"\" loading=\"lazy\" srcset=\"https:\/\/terakids.pl\/wp-content\/uploads\/2022\/06\/logo-TERA-KIDS-new.jpg 591w, https:\/\/terakids.pl\/wp-content\/uploads\/2022\/06\/logo-TERA-KIDS-new-300x65.jpg 300w\" sizes=\"(max-width: 580px) 100vw, 580px\" \/>\t\t\t\t\t\t\t\t<\/a>\n\t\t\t\t\t\t\t\t\t\t\t\t\t\t\t<\/div>\n\t\t\t\t<\/div>\n\t\t\t\t\t<\/div>\n\t\t<\/div>\n\t\t\t\t<div class=\"elementor-column elementor-col-20 elementor-top-column elementor-element elementor-element-e5a4c96\" data-id=\"e5a4c96\" data-element_type=\"column\">\n\t\t\t<div class=\"elementor-widget-wrap elementor-element-populated\">\n\t\t\t\t\t\t\t\t<div class=\"elementor-element elementor-element-1c172e8 elementor-widget elementor-widget-text-editor\" data-id=\"1c172e8\" data-element_type=\"widget\" data-widget_type=\"text-editor.default\">\n\t\t\t\t<div class=\"elementor-widget-container\">\n\t\t\t\t\t\t\t<p>Organ prowadz\u0105cy\u00a0<\/p><p>Niepubliczne Plac\u00f3wki TERA\u2014KIDS :\u00a0<\/p><p><strong><span style=\"font-size: inherit; text-align: inherit; background-color: transparent; letter-spacing: -0.015em;\">Fundacja PARADYGMAT<\/span><\/strong><\/p><p><span style=\"font-size: inherit; text-align: inherit; background-color: transparent; letter-spacing: -0.015em;\">ul. G\u00f3recka 10<\/span><\/p><p><span style=\"font-size: inherit; text-align: inherit; background-color: transparent; letter-spacing: -0.015em;\">43-430 Skocz\u00f3w<\/span><\/p><p><span style=\"font-size: inherit; text-align: inherit; background-color: transparent; letter-spacing: -0.015em;\">tel.: +48 794 221 101<\/span><\/p><p><span style=\"font-size: inherit; text-align: inherit; background-color: transparent; letter-spacing: -0.015em;\">e-mail: fundacjaparadygmat@gmail.com<\/span><\/p><p><strong><span style=\"font-size: inherit; text-align: inherit; background-color: transparent; letter-spacing: -0.015em;\">www.paradygmat.org<\/span><\/strong><\/p>\t\t\t\t\t\t<\/div>\n\t\t\t\t<\/div>\n\t\t\t\t\t<\/div>\n\t\t<\/div>\n\t\t\t\t<div class=\"elementor-column elementor-col-20 elementor-top-column elementor-element elementor-element-ae392ca\" data-id=\"ae392ca\" data-element_type=\"column\">\n\t\t\t<div class=\"elementor-widget-wrap elementor-element-populated\">\n\t\t\t\t\t\t\t\t<div class=\"elementor-element elementor-element-85a1b66 elementor-widget elementor-widget-image\" data-id=\"85a1b66\" data-element_type=\"widget\" data-widget_type=\"image.default\">\n\t\t\t\t<div class=\"elementor-widget-container\">\n\t\t\t\t\t\t\t\t\t\t\t\t\t\t\t\t<a href=\"https:\/\/paradygmat.org\/\">\n\t\t\t\t\t\t\t<img width=\"580\" height=\"184\" src=\"https:\/\/terakids.pl\/wp-content\/uploads\/2022\/06\/logo-PARADYGMAT.png\" class=\"attachment-large size-large\" alt=\"\" loading=\"lazy\" srcset=\"https:\/\/terakids.pl\/wp-content\/uploads\/2022\/06\/logo-PARADYGMAT.png 700w, https:\/\/terakids.pl\/wp-content\/uploads\/2022\/06\/logo-PARADYGMAT-300x95.png 300w\" sizes=\"(max-width: 580px) 100vw, 580px\" \/>\t\t\t\t\t\t\t\t<\/a>\n\t\t\t\t\t\t\t\t\t\t\t\t\t\t\t<\/div>\n\t\t\t\t<\/div>\n\t\t\t\t\t<\/div>\n\t\t<\/div>\n\t\t\t\t<div class=\"elementor-column elementor-col-20 elementor-top-column elementor-element elementor-element-0c94e84\" data-id=\"0c94e84\" data-element_type=\"column\">\n\t\t\t<div class=\"elementor-widget-wrap\">\n\t\t\t\t\t\t\t\t\t<\/div>\n\t\t<\/div>\n\t\t\t\t\t\t\t<\/div>\n\t\t<\/section>\n\t\t\t\t<section class=\"elementor-section elementor-top-section elementor-element elementor-element-69b59a5 elementor-section-boxed elementor-section-height-default elementor-section-height-default\" data-id=\"69b59a5\" data-element_type=\"section\">\n\t\t\t\t\t\t<div class=\"elementor-container elementor-column-gap-default\">\n\t\t\t\t\t<div class=\"elementor-column elementor-col-100 elementor-top-column elementor-element elementor-element-2407d20\" data-id=\"2407d20\" data-element_type=\"column\">\n\t\t\t<div class=\"elementor-widget-wrap elementor-element-populated\">\n\t\t\t\t\t\t\t\t<div class=\"elementor-element elementor-element-67643c5 elementor-widget elementor-widget-text-editor\" data-id=\"67643c5\" data-element_type=\"widget\" data-widget_type=\"text-editor.default\">\n\t\t\t\t<div class=\"elementor-widget-container\">\n\t\t\t\t\t\t\t<p><a href=\"https:\/\/terakids.pl\/?page_id=430\" target=\"_blank\" rel=\"noopener\">Polityka prywatno\u015bci\u00a0<\/a>\u00a0 \u00a0 \u00a0|\u00a0 \u00a0 <a href=\"https:\/\/terakids.pl\/?page_id=445\" target=\"_blank\" rel=\"noopener\">\u00a0RODO<\/a><\/p>\t\t\t\t\t\t<\/div>\n\t\t\t\t<\/div>\n\t\t\t\t\t<\/div>\n\t\t<\/div>\n\t\t\t\t\t\t\t<\/div>\n\t\t<\/section>\n\t\t\t\t\t\t\t<\/div>\n\t\t","protected":false},"excerpt":{"rendered":"<p>Opieka Dzienna T`ERA-KIDS BOBAS w Rybniku Kontakt Opieka Dzienna TERA-KIDS Bobas w Rybniku ul. Os. Po\u0142udnie 57 b 44-100 Rybnik-Boguszowice +48 794 221 101 e-mail: terakidsrybnik@gmail.com Organ prowadz\u0105cy\u00a0 Niepubliczne Plac\u00f3wki TERA\u2014KIDS :\u00a0 Fundacja PARADYGMAT ul. G\u00f3recka 10 43-430 Skocz\u00f3w tel.: +48 794 221 101 e-mail: fundacjaparadygmat@gmail.com www.paradygmat.org Polityka prywatno\u015bci\u00a0\u00a0 \u00a0 \u00a0|\u00a0 \u00a0 \u00a0RODO<\/p>\n","protected":false},"author":2,"featured_media":0,"parent":0,"menu_order":0,"comment_status":"closed","ping_status":"closed","template":"elementor_header_footer","meta":{"om_disable_all_campaigns":false,"_monsterinsights_skip_tracking":false,"_monsterinsights_sitenote_active":false,"_monsterinsights_sitenote_note":"","_monsterinsights_sitenote_category":0},"_links":{"self":[{"href":"https:\/\/terakids.pl\/index.php?rest_route=\/wp\/v2\/pages\/602"}],"collection":[{"href":"https:\/\/terakids.pl\/index.php?rest_route=\/wp\/v2\/pages"}],"about":[{"href":"https:\/\/terakids.pl\/index.php?rest_route=\/wp\/v2\/types\/page"}],"author":[{"embeddable":true,"href":"https:\/\/terakids.pl\/index.php?rest_route=\/wp\/v2\/users\/2"}],"replies":[{"embeddable":true,"href":"https:\/\/terakids.pl\/index.php?rest_route=%2Fwp%2Fv2%2Fcomments&post=602"}],"version-history":[{"count":78,"href":"https:\/\/terakids.pl\/index.php?rest_route=\/wp\/v2\/pages\/602\/revisions"}],"predecessor-version":[{"id":1008,"href":"https:\/\/terakids.pl\/index.php?rest_route=\/wp\/v2\/pages\/602\/revisions\/1008"}],"wp:attachment":[{"href":"https:\/\/terakids.pl\/index.php?rest_route=%2Fwp%2Fv2%2Fmedia&parent=602"}],"curies":[{"name":"wp","href":"https:\/\/api.w.org\/{rel}","templated":true}]}}