{"id":445,"date":"2022-06-27T01:01:38","date_gmt":"2022-06-26T23:01:38","guid":{"rendered":"https:\/\/terakids.pl\/?page_id=445"},"modified":"2022-10-19T20:31:10","modified_gmt":"2022-10-19T18:31:10","slug":"rodo","status":"publish","type":"page","link":"https:\/\/terakids.pl\/?page_id=445","title":{"rendered":"RODO"},"content":{"rendered":"\t\t<div data-elementor-type=\"wp-page\" data-elementor-id=\"445\" class=\"elementor elementor-445\">\n\t\t\t\t\t\t\t\t\t<section class=\"elementor-section elementor-top-section elementor-element elementor-element-e1676d9 elementor-section-boxed elementor-section-height-default elementor-section-height-default\" data-id=\"e1676d9\" data-element_type=\"section\" data-settings=\"{&quot;background_background&quot;:&quot;gradient&quot;}\">\n\t\t\t\t\t\t<div class=\"elementor-container elementor-column-gap-default\">\n\t\t\t\t\t<div class=\"elementor-column elementor-col-100 elementor-top-column elementor-element elementor-element-d5219a0\" data-id=\"d5219a0\" data-element_type=\"column\">\n\t\t\t<div class=\"elementor-widget-wrap elementor-element-populated\">\n\t\t\t\t\t\t\t\t<div class=\"elementor-element elementor-element-0f1d447 elementor-widget elementor-widget-heading\" data-id=\"0f1d447\" data-element_type=\"widget\" data-widget_type=\"heading.default\">\n\t\t\t\t<div class=\"elementor-widget-container\">\n\t\t\t<style>\/*! elementor - v3.6.6 - 08-06-2022 *\/\n.elementor-heading-title{padding:0;margin:0;line-height:1}.elementor-widget-heading .elementor-heading-title[class*=elementor-size-]>a{color:inherit;font-size:inherit;line-height:inherit}.elementor-widget-heading .elementor-heading-title.elementor-size-small{font-size:15px}.elementor-widget-heading .elementor-heading-title.elementor-size-medium{font-size:19px}.elementor-widget-heading .elementor-heading-title.elementor-size-large{font-size:29px}.elementor-widget-heading .elementor-heading-title.elementor-size-xl{font-size:39px}.elementor-widget-heading .elementor-heading-title.elementor-size-xxl{font-size:59px}<\/style><h2 class=\"elementor-heading-title elementor-size-default\">RODO<\/h2>\t\t<\/div>\n\t\t\t\t<\/div>\n\t\t\t\t\t<\/div>\n\t\t<\/div>\n\t\t\t\t\t\t\t<\/div>\n\t\t<\/section>\n\t\t\t\t<section class=\"elementor-section elementor-top-section elementor-element elementor-element-530cd5d elementor-section-boxed elementor-section-height-default elementor-section-height-default\" data-id=\"530cd5d\" data-element_type=\"section\">\n\t\t\t\t\t\t<div class=\"elementor-container elementor-column-gap-default\">\n\t\t\t\t\t<div class=\"elementor-column elementor-col-100 elementor-top-column elementor-element elementor-element-cce6e65\" data-id=\"cce6e65\" data-element_type=\"column\">\n\t\t\t<div class=\"elementor-widget-wrap elementor-element-populated\">\n\t\t\t\t\t\t\t\t<div class=\"elementor-element elementor-element-ebd5fce elementor-widget elementor-widget-text-editor\" data-id=\"ebd5fce\" data-element_type=\"widget\" data-widget_type=\"text-editor.default\">\n\t\t\t\t<div class=\"elementor-widget-container\">\n\t\t\t<style>\/*! elementor - v3.6.6 - 08-06-2022 *\/\n.elementor-widget-text-editor.elementor-drop-cap-view-stacked .elementor-drop-cap{background-color:#818a91;color:#fff}.elementor-widget-text-editor.elementor-drop-cap-view-framed .elementor-drop-cap{color:#818a91;border:3px solid;background-color:transparent}.elementor-widget-text-editor:not(.elementor-drop-cap-view-default) .elementor-drop-cap{margin-top:8px}.elementor-widget-text-editor:not(.elementor-drop-cap-view-default) .elementor-drop-cap-letter{width:1em;height:1em}.elementor-widget-text-editor .elementor-drop-cap{float:left;text-align:center;line-height:1;font-size:50px}.elementor-widget-text-editor .elementor-drop-cap-letter{display:inline-block}<\/style>\t\t\t\t<p><strong>KLAUZULA INFORMACYJNA RODO<\/strong><\/p><p>Zgodnie z art. 13 ust. 1 i ust. 2 Rozporz\u0105dzenia Parlamentu Europejskiego i Rady (UE)<br \/>2016\/679 z dnia 27 kwietnia 2016 r. w sprawie ochrony os\u00f3b fizycznych w zwi\u0105zku z<br \/>przetwarzaniem danych osobowych i w sprawie swobodnego przep\u0142ywu takich danych oraz<br \/>uchylenia dyrektywy 95\/46\/WE (og\u00f3lne rozporz\u0105dzenie o ochronie danych \u2013 Dz. Urz. UE L\u00a0Nr119\/1), zwane dalej RODO<span style=\"font-size: inherit; text-align: inherit; background-color: transparent; letter-spacing: -0.015em;\"> informuj\u0119, i\u017c:<\/span><\/p><p><strong>1)<\/strong> administratorem Pani\/Pana danych osobowych jest Fundacja PARADYGMAT z\u00a0siedzib\u0105<br \/>w\u00a0Skoczowie, ul. G\u00f3recka 10,43-430 Skocz\u00f3w.<\/p><p><strong>2)<\/strong> Administrator wyznaczy\u0142\u00a0Inspektora Ochrony Danych, z kt\u00f3rym mog\u0105 si\u0119 Pa\u0144stwo<br \/>kontaktowa\u0107 w\u00a0sprawach zwi\u0105zanych z ochron\u0105 danych osobowych poprzez adres e-mail:<br \/>fundacjaparadygmat@gmail.com<\/p><p><strong>3)<\/strong> Pani\/Pana dane osobowe przetwarzane b\u0119d\u0105 w\u00a0celu realizacji zada\u0144 statutowych fundacji<br \/>oraz\u00a0przesy\u0142ania Pa\u0144stwu informacji o\u00a0dzia\u0142aniach fundacji i\u00a0podzi\u0119kowa\u0144 \u2013 na\u00a0podstawie<br \/>Art. 6\u00a0ust. 1\u00a0lit. e og\u00f3lnego rozporz\u0105dzenia o\u00a0ochronie danych osobowych z\u00a0dnia 27\u00a0kwietnia<br \/>2016 r.; kategoria danych osobowych: dane niewra\u017cliwe,<\/p><p><strong>4)<\/strong> odbiorcami Pani\/Pana danych osobowych b\u0119d\u0105 wy\u0142\u0105cznie podmioty uprawnione do<br \/>uzyskania danych osobowych na podstawie przepis\u00f3w prawa,<\/p><p><strong>5)<\/strong> Pani\/Pana dane osobowe b\u0119d\u0105 przechowywane w czasie okre\u015blonym przepisami prawa,<br \/>zgodnie z przepisami archiwalnymi tj. Rozporz\u0105dzeniem Prezesa Rady Ministr\u00f3w z dnia 18<br \/>stycznia 2011 r. w sprawie instrukcji kancelaryjnej, jednolitych rzeczowych wykaz\u00f3w akt oraz<br \/>instrukcji w sprawie organizacji i zakresu dzia\u0142ania archiw\u00f3w zak\u0142adowych (Dz.U. 2011 nr 14<br \/>poz. 67) o ile przepisy szczeg\u00f3\u0142owe nie okre\u015blaj\u0105 innego terminu przechowywania,<\/p><p><strong>6)<\/strong> posiada Pani\/Pan prawo \u017c\u0105dania od administratora dost\u0119pu do danych osobowych, prawo<br \/>do ich sprostowania, usuni\u0119cia lub ograniczenia przetwarzania, prawo do wniesienia<br \/>sprzeciwu wobec przetwarzania, prawo do przenoszenia danych oraz prawo do cofni\u0119cia<br \/>zgody na przetwarzanie danych osobowych.<br \/>Aby skorzysta\u0107 z powy\u017cszych uprawnie\u0144 nale\u017cy: przes\u0142a\u0107 stosowne pismo na adres:<br \/><a href=\"mailto:fundacjaparadygmat@gmail.com\"><strong>fundacjaparadygmat@gmail.com<\/strong><\/a><\/p><p><strong>7)<\/strong> ma Pani\/Pan prawo wniesienia skargi do organu nadzorczego gdy uzna Pani\/Pan, i\u017c<br \/>przetwarzanie danych osobowych Pani\/Pana dotycz\u0105cych narusza przepisy <strong>RODO<\/strong><\/p>\t\t\t\t\t\t<\/div>\n\t\t\t\t<\/div>\n\t\t\t\t\t<\/div>\n\t\t<\/div>\n\t\t\t\t\t\t\t<\/div>\n\t\t<\/section>\n\t\t\t\t<section class=\"elementor-section elementor-top-section elementor-element elementor-element-78a33cb elementor-section-boxed elementor-section-height-default elementor-section-height-default\" data-id=\"78a33cb\" data-element_type=\"section\" data-settings=\"{&quot;background_background&quot;:&quot;gradient&quot;}\">\n\t\t\t\t\t\t<div class=\"elementor-container elementor-column-gap-default\">\n\t\t\t\t\t<div class=\"elementor-column elementor-col-20 elementor-top-column elementor-element elementor-element-bc94c81\" data-id=\"bc94c81\" data-element_type=\"column\">\n\t\t\t<div class=\"elementor-widget-wrap\">\n\t\t\t\t\t\t\t\t\t<\/div>\n\t\t<\/div>\n\t\t\t\t<div class=\"elementor-column elementor-col-20 elementor-top-column elementor-element elementor-element-f276546\" data-id=\"f276546\" data-element_type=\"column\">\n\t\t\t<div class=\"elementor-widget-wrap elementor-element-populated\">\n\t\t\t\t\t\t\t\t<div class=\"elementor-element elementor-element-55ee503 elementor-widget elementor-widget-image\" data-id=\"55ee503\" data-element_type=\"widget\" data-widget_type=\"image.default\">\n\t\t\t\t<div class=\"elementor-widget-container\">\n\t\t\t<style>\/*! elementor - v3.6.6 - 08-06-2022 *\/\n.elementor-widget-image{text-align:center}.elementor-widget-image a{display:inline-block}.elementor-widget-image a img[src$=\".svg\"]{width:48px}.elementor-widget-image img{vertical-align:middle;display:inline-block}<\/style>\t\t\t\t\t\t\t\t\t\t\t\t\t<a href=\"https:\/\/terakids.pl\/\">\n\t\t\t\t\t\t\t<img width=\"580\" height=\"126\" src=\"https:\/\/terakids.pl\/wp-content\/uploads\/2022\/06\/logo-TERA-KIDS-new.jpg\" class=\"attachment-large size-large\" alt=\"\" loading=\"lazy\" srcset=\"https:\/\/terakids.pl\/wp-content\/uploads\/2022\/06\/logo-TERA-KIDS-new.jpg 591w, https:\/\/terakids.pl\/wp-content\/uploads\/2022\/06\/logo-TERA-KIDS-new-300x65.jpg 300w\" sizes=\"(max-width: 580px) 100vw, 580px\" \/>\t\t\t\t\t\t\t\t<\/a>\n\t\t\t\t\t\t\t\t\t\t\t\t\t\t\t<\/div>\n\t\t\t\t<\/div>\n\t\t\t\t\t<\/div>\n\t\t<\/div>\n\t\t\t\t<div class=\"elementor-column elementor-col-20 elementor-top-column elementor-element elementor-element-e46ed48\" data-id=\"e46ed48\" data-element_type=\"column\">\n\t\t\t<div class=\"elementor-widget-wrap elementor-element-populated\">\n\t\t\t\t\t\t\t\t<div class=\"elementor-element elementor-element-ccc07cf elementor-widget elementor-widget-text-editor\" data-id=\"ccc07cf\" data-element_type=\"widget\" data-widget_type=\"text-editor.default\">\n\t\t\t\t<div class=\"elementor-widget-container\">\n\t\t\t\t\t\t\t<p>Organ prowadz\u0105cy\u00a0<\/p><p>Niepubliczne Plac\u00f3wki TERA\u2014KIDS :\u00a0<\/p><p><strong><span style=\"font-size: inherit; text-align: inherit; background-color: transparent; letter-spacing: -0.015em;\">Fundacja PARADYGMAT<\/span><\/strong><\/p><p><span style=\"font-size: inherit; text-align: inherit; background-color: transparent; letter-spacing: -0.015em;\">ul. G\u00f3recka 10<\/span><\/p><p><span style=\"font-size: inherit; text-align: inherit; background-color: transparent; letter-spacing: -0.015em;\">43-430 Skocz\u00f3w<\/span><\/p><p><span style=\"font-size: inherit; text-align: inherit; background-color: transparent; letter-spacing: -0.015em;\">tel.: +48 794 221 101<\/span><\/p><p><span style=\"font-size: inherit; text-align: inherit; background-color: transparent; letter-spacing: -0.015em;\">e-mail: fundacjaparadygmat@gmail.com<\/span><\/p><p><strong><span style=\"font-size: inherit; text-align: inherit; background-color: transparent; letter-spacing: -0.015em;\">www.paradygmat.org<\/span><\/strong><\/p>\t\t\t\t\t\t<\/div>\n\t\t\t\t<\/div>\n\t\t\t\t\t<\/div>\n\t\t<\/div>\n\t\t\t\t<div class=\"elementor-column elementor-col-20 elementor-top-column elementor-element elementor-element-10de967\" data-id=\"10de967\" data-element_type=\"column\">\n\t\t\t<div class=\"elementor-widget-wrap elementor-element-populated\">\n\t\t\t\t\t\t\t\t<div class=\"elementor-element elementor-element-b4f5fcd elementor-widget elementor-widget-image\" data-id=\"b4f5fcd\" data-element_type=\"widget\" data-widget_type=\"image.default\">\n\t\t\t\t<div class=\"elementor-widget-container\">\n\t\t\t\t\t\t\t\t\t\t\t\t\t\t\t\t<a href=\"https:\/\/paradygmat.org\/\">\n\t\t\t\t\t\t\t<img width=\"580\" height=\"184\" src=\"https:\/\/terakids.pl\/wp-content\/uploads\/2022\/06\/logo-PARADYGMAT.png\" class=\"attachment-large size-large\" alt=\"\" loading=\"lazy\" srcset=\"https:\/\/terakids.pl\/wp-content\/uploads\/2022\/06\/logo-PARADYGMAT.png 700w, https:\/\/terakids.pl\/wp-content\/uploads\/2022\/06\/logo-PARADYGMAT-300x95.png 300w\" sizes=\"(max-width: 580px) 100vw, 580px\" \/>\t\t\t\t\t\t\t\t<\/a>\n\t\t\t\t\t\t\t\t\t\t\t\t\t\t\t<\/div>\n\t\t\t\t<\/div>\n\t\t\t\t\t<\/div>\n\t\t<\/div>\n\t\t\t\t<div class=\"elementor-column elementor-col-20 elementor-top-column elementor-element elementor-element-0b9f735\" data-id=\"0b9f735\" data-element_type=\"column\">\n\t\t\t<div class=\"elementor-widget-wrap\">\n\t\t\t\t\t\t\t\t\t<\/div>\n\t\t<\/div>\n\t\t\t\t\t\t\t<\/div>\n\t\t<\/section>\n\t\t\t\t<section class=\"elementor-section elementor-top-section elementor-element elementor-element-675def0 elementor-section-boxed elementor-section-height-default elementor-section-height-default\" data-id=\"675def0\" data-element_type=\"section\">\n\t\t\t\t\t\t<div class=\"elementor-container elementor-column-gap-default\">\n\t\t\t\t\t<div class=\"elementor-column elementor-col-100 elementor-top-column elementor-element elementor-element-dc7489a\" data-id=\"dc7489a\" data-element_type=\"column\">\n\t\t\t<div class=\"elementor-widget-wrap elementor-element-populated\">\n\t\t\t\t\t\t\t\t<div class=\"elementor-element elementor-element-d3c40cd elementor-widget elementor-widget-text-editor\" data-id=\"d3c40cd\" data-element_type=\"widget\" data-widget_type=\"text-editor.default\">\n\t\t\t\t<div class=\"elementor-widget-container\">\n\t\t\t\t\t\t\t<p><a href=\"https:\/\/terakids.pl\/?page_id=430\" target=\"_blank\" rel=\"noopener\">Polityka prywatno\u015bci\u00a0<\/a>\u00a0 \u00a0 \u00a0|\u00a0 \u00a0 <a href=\"https:\/\/terakids.pl\/?page_id=445\" target=\"_blank\" rel=\"noopener\">\u00a0RODO<\/a><\/p>\t\t\t\t\t\t<\/div>\n\t\t\t\t<\/div>\n\t\t\t\t\t<\/div>\n\t\t<\/div>\n\t\t\t\t\t\t\t<\/div>\n\t\t<\/section>\n\t\t\t\t\t\t\t<\/div>\n\t\t","protected":false},"excerpt":{"rendered":"<p>RODO KLAUZULA INFORMACYJNA RODO Zgodnie z art. 13 ust. 1 i ust. 2 Rozporz\u0105dzenia Parlamentu Europejskiego i Rady (UE)2016\/679 z dnia 27 kwietnia 2016 r. w sprawie ochrony os\u00f3b fizycznych w zwi\u0105zku zprzetwarzaniem danych osobowych i w sprawie swobodnego przep\u0142ywu takich danych orazuchylenia dyrektywy 95\/46\/WE (og\u00f3lne rozporz\u0105dzenie o ochronie danych \u2013 Dz. Urz. UE L\u00a0Nr119\/1), [&hellip;]<\/p>\n","protected":false},"author":2,"featured_media":0,"parent":0,"menu_order":0,"comment_status":"closed","ping_status":"closed","template":"elementor_header_footer","meta":{"om_disable_all_campaigns":false,"_monsterinsights_skip_tracking":false,"_monsterinsights_sitenote_active":false,"_monsterinsights_sitenote_note":"","_monsterinsights_sitenote_category":0},"_links":{"self":[{"href":"https:\/\/terakids.pl\/index.php?rest_route=\/wp\/v2\/pages\/445"}],"collection":[{"href":"https:\/\/terakids.pl\/index.php?rest_route=\/wp\/v2\/pages"}],"about":[{"href":"https:\/\/terakids.pl\/index.php?rest_route=\/wp\/v2\/types\/page"}],"author":[{"embeddable":true,"href":"https:\/\/terakids.pl\/index.php?rest_route=\/wp\/v2\/users\/2"}],"replies":[{"embeddable":true,"href":"https:\/\/terakids.pl\/index.php?rest_route=%2Fwp%2Fv2%2Fcomments&post=445"}],"version-history":[{"count":25,"href":"https:\/\/terakids.pl\/index.php?rest_route=\/wp\/v2\/pages\/445\/revisions"}],"predecessor-version":[{"id":796,"href":"https:\/\/terakids.pl\/index.php?rest_route=\/wp\/v2\/pages\/445\/revisions\/796"}],"wp:attachment":[{"href":"https:\/\/terakids.pl\/index.php?rest_route=%2Fwp%2Fv2%2Fmedia&parent=445"}],"curies":[{"name":"wp","href":"https:\/\/api.w.org\/{rel}","templated":true}]}}