{"id":430,"date":"2022-06-27T00:57:26","date_gmt":"2022-06-26T22:57:26","guid":{"rendered":"https:\/\/terakids.pl\/?page_id=430"},"modified":"2022-10-19T20:31:13","modified_gmt":"2022-10-19T18:31:13","slug":"polityka-prywatnosci-2","status":"publish","type":"page","link":"https:\/\/terakids.pl\/?page_id=430","title":{"rendered":"Polityka prywatno\u015bci"},"content":{"rendered":"\t\t<div data-elementor-type=\"wp-page\" data-elementor-id=\"430\" class=\"elementor elementor-430\">\n\t\t\t\t\t\t\t\t\t<section class=\"elementor-section elementor-top-section elementor-element elementor-element-12d2982 elementor-section-boxed elementor-section-height-default elementor-section-height-default\" data-id=\"12d2982\" data-element_type=\"section\" data-settings=\"{&quot;background_background&quot;:&quot;gradient&quot;}\">\n\t\t\t\t\t\t<div class=\"elementor-container elementor-column-gap-default\">\n\t\t\t\t\t<div class=\"elementor-column elementor-col-100 elementor-top-column elementor-element elementor-element-e5a7d7c\" data-id=\"e5a7d7c\" data-element_type=\"column\">\n\t\t\t<div class=\"elementor-widget-wrap elementor-element-populated\">\n\t\t\t\t\t\t\t\t<div class=\"elementor-element elementor-element-454fcf6 elementor-widget elementor-widget-heading\" data-id=\"454fcf6\" data-element_type=\"widget\" data-widget_type=\"heading.default\">\n\t\t\t\t<div class=\"elementor-widget-container\">\n\t\t\t<style>\/*! elementor - v3.6.6 - 08-06-2022 *\/\n.elementor-heading-title{padding:0;margin:0;line-height:1}.elementor-widget-heading .elementor-heading-title[class*=elementor-size-]>a{color:inherit;font-size:inherit;line-height:inherit}.elementor-widget-heading .elementor-heading-title.elementor-size-small{font-size:15px}.elementor-widget-heading .elementor-heading-title.elementor-size-medium{font-size:19px}.elementor-widget-heading .elementor-heading-title.elementor-size-large{font-size:29px}.elementor-widget-heading .elementor-heading-title.elementor-size-xl{font-size:39px}.elementor-widget-heading .elementor-heading-title.elementor-size-xxl{font-size:59px}<\/style><h2 class=\"elementor-heading-title elementor-size-default\">Polityka prywatno\u015bci<\/h2>\t\t<\/div>\n\t\t\t\t<\/div>\n\t\t\t\t\t<\/div>\n\t\t<\/div>\n\t\t\t\t\t\t\t<\/div>\n\t\t<\/section>\n\t\t\t\t<section class=\"elementor-section elementor-top-section elementor-element elementor-element-c6c16db elementor-section-boxed elementor-section-height-default elementor-section-height-default\" data-id=\"c6c16db\" data-element_type=\"section\">\n\t\t\t\t\t\t<div class=\"elementor-container elementor-column-gap-default\">\n\t\t\t\t\t<div class=\"elementor-column elementor-col-100 elementor-top-column elementor-element elementor-element-7ec50eb\" data-id=\"7ec50eb\" data-element_type=\"column\">\n\t\t\t<div class=\"elementor-widget-wrap elementor-element-populated\">\n\t\t\t\t\t\t\t\t<div class=\"elementor-element elementor-element-41289b8 elementor-widget elementor-widget-text-editor\" data-id=\"41289b8\" data-element_type=\"widget\" data-widget_type=\"text-editor.default\">\n\t\t\t\t<div class=\"elementor-widget-container\">\n\t\t\t<style>\/*! elementor - v3.6.6 - 08-06-2022 *\/\n.elementor-widget-text-editor.elementor-drop-cap-view-stacked .elementor-drop-cap{background-color:#818a91;color:#fff}.elementor-widget-text-editor.elementor-drop-cap-view-framed .elementor-drop-cap{color:#818a91;border:3px solid;background-color:transparent}.elementor-widget-text-editor:not(.elementor-drop-cap-view-default) .elementor-drop-cap{margin-top:8px}.elementor-widget-text-editor:not(.elementor-drop-cap-view-default) .elementor-drop-cap-letter{width:1em;height:1em}.elementor-widget-text-editor .elementor-drop-cap{float:left;text-align:center;line-height:1;font-size:50px}.elementor-widget-text-editor .elementor-drop-cap-letter{display:inline-block}<\/style>\t\t\t\t<p><strong>I. Informacje og\u00f3lne<\/strong><\/p>\n<p><strong>1.<\/strong> Operatorem Serwisu www.terakids.pl jest Fundacja PARADYGMAT z&nbsp;siedzib\u0105<br>w&nbsp;Skoczowie, ul. G\u00f3recka 10,43-430 Skocz\u00f3w, zwana dalej Fundacj\u0105.<\/p>\n<p><strong>2.<\/strong> Fundacja, jako podmiot prowadz\u0105cy Serwis, dba o&nbsp;ochron\u0119 prywatno\u015bci i&nbsp;informacji<br>przekazywanych przez&nbsp;U\u017cytkownik\u00f3w Serwisu, a&nbsp;w&nbsp;szczeg\u00f3lno\u015bci ich danych<br>osobowych;<\/p>\n<p><strong>3.<\/strong> Fundacja nie&nbsp;ujawnia przekazywanych przez&nbsp;U\u017cytkownik\u00f3w danych osobom trzecim,<br>za wyj\u0105tkiem wypadk\u00f3w przewidzianych przez&nbsp;przepisy prawa, gdy&nbsp;tego rodzaju<br>ujawnienie danych jest obligatoryjne.<\/p>\n<p><strong>II. Dane osobowe<\/strong><\/p>\n<p><strong>1.<\/strong> Przekazanie danych osobowych Fundacji przez&nbsp;U\u017cytkownik\u00f3w jest dobrowolne.<br><strong>2.<\/strong> Fundacja przetwarza dane osobowe U\u017cytkownik\u00f3w wy\u0142\u0105cznie w&nbsp;celach zwi\u0105zanych<br>z&nbsp;prawid\u0142owym dzia\u0142aniem Serwisu oraz&nbsp;zwi\u0105zanych z&nbsp;dzia\u0142alno\u015bci\u0105 statutow\u0105 Fundacji,<br>a&nbsp;w&nbsp;tym tak\u017ce w&nbsp;celu prowadzenia przez&nbsp;ni\u0105 wszelkiej aktywno\u015bci charytatywnej.<\/p>\n<p><strong>III. Polityka cookies<\/strong><\/p>\n<p><strong>1.<\/strong> Serwis nie&nbsp;zbiera w&nbsp;spos\u00f3b automatyczny \u017cadnych informacji, z&nbsp;wyj\u0105tkiem informacji<br>zawartych w&nbsp;plikach cookies.<\/p>\n<p><strong>2.<\/strong> Pliki cookies (tzw. \u201eciasteczka\u201d) stanowi\u0105 dane informatyczne, w&nbsp;szczeg\u00f3lno\u015bci pliki<br>tekstowe, kt\u00f3re przechowywane s\u0105 w&nbsp;urz\u0105dzeniu ko\u0144cowym U\u017cytkownika Serwisu<br>i&nbsp;przeznaczone s\u0105 do&nbsp;korzystania ze&nbsp;stron internetowych Serwisu. Cookies zazwyczaj<br>zawieraj\u0105 nazw\u0119 strony internetowej, z&nbsp;kt\u00f3rej&nbsp;pochodz\u0105, czas przechowywania ich<br>na&nbsp;urz\u0105dzeniu ko\u0144cowym oraz&nbsp;unikalny numer.<\/p>\n<p><strong>3.<\/strong> Pliki cookies wykorzystywane s\u0105 w&nbsp;celu:<br>o dostosowania zawarto\u015bci stron internetowych Serwisu do&nbsp;preferencji U\u017cytkownika<br>oraz&nbsp;optymalizacji korzystania ze&nbsp;stron internetowych; w&nbsp;szczeg\u00f3lno\u015bci pliki te<br>pozwalaj\u0105 rozpozna\u0107 urz\u0105dzenie U\u017cytkownika Serwisu i&nbsp;odpowiednio wy\u015bwietli\u0107 stron\u0119<br>internetow\u0105, dostosowan\u0105 do&nbsp;jego indywidualnych potrzeb;<br>o tworzenia statystyk, kt\u00f3re pomagaj\u0105 zrozumie\u0107, w&nbsp;jaki spos\u00f3b U\u017cytkownicy Serwisu<br>korzystaj\u0105 ze&nbsp;stron internetowych, co umo\u017cliwia ulepszanie ich struktury i&nbsp;zawarto\u015bci;<\/p>\n<p><strong>4.<\/strong> W&nbsp;ramach Serwisu stosowane s\u0105 nast\u0119puj\u0105ce rodzaje plik\u00f3w cookies:<br>o \u201eniezb\u0119dne\u201d pliki cookies, umo\u017cliwiaj\u0105ce korzystanie z&nbsp;us\u0142ug dost\u0119pnych w&nbsp;ramach<br>Serwisu, np.&nbsp;uwierzytelniaj\u0105ce pliki cookies wykorzystywane do&nbsp;us\u0142ug wymagaj\u0105cych<br>uwierzytelniania w&nbsp;ramach Serwisu;<br>o pliki cookies s\u0142u\u017c\u0105ce do&nbsp;zapewnienia bezpiecze\u0144stwa, np.&nbsp;wykorzystywane<br>do&nbsp;wykrywania nadu\u017cy\u0107 w&nbsp;zakresie uwierzytelniania w&nbsp;ramach Serwisu;<br>o \u201ewydajno\u015bciowe\u201d pliki cookies, umo\u017cliwiaj\u0105ce zbieranie informacji o&nbsp;sposobie<br>korzystania ze&nbsp;stron internetowych Serwisu;<br>o \u201efunkcjonalne\u201d pliki cookies, umo\u017cliwiaj\u0105ce \u201ezapami\u0119tanie\u201d wybranych<br>przez&nbsp;U\u017cytkownika ustawie\u0144 i&nbsp;personalizacj\u0119 interfejsu U\u017cytkownika, np.&nbsp;w&nbsp;zakresie<br>wybranego j\u0119zyka lub regionu, z&nbsp;kt\u00f3rego&nbsp;pochodzi U\u017cytkownik, rozmiaru czcionki,<br>wygl\u0105du strony internetowej itp.;<\/p>\n<p><strong>5.<\/strong> W&nbsp;ramach powy\u017cszych czterech kategorii pliki cookies dziel\u0105 si\u0119 jeszcze na: \u201esesyjne\u201d<br>(session cookies) oraz&nbsp;\u201esta\u0142e\u201d (persistent cookies). Cookies \u201esesyjne\u201d s\u0105 plikami<br>tymczasowymi, kt\u00f3re przechowywane s\u0105 w&nbsp;urz\u0105dzeniu ko\u0144cowym U\u017cytkownika<br>do czasu wylogowania, opuszczenia strony internetowej lub wy\u0142\u0105czenia oprogramowania (przegl\u0105darki internetowej). \u201eSta\u0142e\u201d pliki cookies przechowywane s\u0105<br>w&nbsp;urz\u0105dzeniu ko\u0144cowym U\u017cytkownika przez&nbsp;czas okre\u015blony w&nbsp;parametrach plik\u00f3w<br>cookies lub do&nbsp;czasu ich usuni\u0119cia przez&nbsp;U\u017cytkownika.<\/p>\n<p><strong>6.<\/strong> W&nbsp;wielu przypadkach oprogramowanie s\u0142u\u017c\u0105ce do&nbsp;przegl\u0105dania stron internetowych<br>(przegl\u0105darka internetowa) domy\u015blnie dopuszcza przechowywanie plik\u00f3w cookies<br>w&nbsp;urz\u0105dzeniu ko\u0144cowym U\u017cytkownika. U\u017cytkownicy Serwisu mog\u0105 dokona\u0107 w&nbsp;ka\u017cdym<br>czasie zmiany ustawie\u0144 dotycz\u0105cych plik\u00f3w cookies. Ustawienia te mog\u0105 zosta\u0107<br>zmienione w&nbsp;szczeg\u00f3lno\u015bci w&nbsp;taki spos\u00f3b, aby blokowa\u0107 automatyczn\u0105 obs\u0142ug\u0119 plik\u00f3w<br>cookies w&nbsp;ustawieniach przegl\u0105darki internetowej b\u0105d\u017a informowa\u0107 o&nbsp;ich<br>ka\u017cdorazowym zamieszczeniu w&nbsp;urz\u0105dzeniu U\u017cytkownika Serwisu. Szczeg\u00f3\u0142owe<br>informacje o&nbsp;mo\u017cliwo\u015bci i&nbsp;sposobach obs\u0142ugi plik\u00f3w cookies dost\u0119pne s\u0105<br>w&nbsp;ustawieniach oprogramowania (przegl\u0105darki internetowej).<\/p>\n<p><strong>7.<\/strong> Operator Serwisu informuje, \u017ce&nbsp;ograniczenia stosowania plik\u00f3w cookies mog\u0105 wp\u0142yn\u0105\u0107<br>na&nbsp;niekt\u00f3re funkcjonalno\u015bci dost\u0119pne na&nbsp;stronach internetowych Serwisu.<\/p>\n<p><strong>8.<\/strong> Pliki cookies zamieszczane w&nbsp;urz\u0105dzeniu ko\u0144cowym U\u017cytkownika Serwisu<br>i&nbsp;wykorzystywane mog\u0105 by\u0107 r\u00f3wnie\u017c przez&nbsp;wsp\u00f3\u0142pracuj\u0105cych z&nbsp;operatorem Serwisu reklamodawc\u00f3w oraz&nbsp;partner\u00f3w.<\/p>\n<p><strong>9.<\/strong> Wi\u0119cej informacji na&nbsp;temat plik\u00f3w cookies dost\u0119pnych jest w&nbsp;menu przegl\u0105darki<br>internetowej.<br>Ponadto Fundacja informuje, \u017ce&nbsp;Serwis zwiera odno\u015bniki\/linki do&nbsp;innych stron www.<\/p>\n<p><strong>Fundacja nie&nbsp;ponosi odpowiedzialno\u015bci za&nbsp;zasady zachowania prywatno\u015bci obowi\u0105zuj\u0105ce<\/strong><br><strong>na&nbsp;tych stronach.&nbsp;<\/strong><\/p>\t\t\t\t\t\t<\/div>\n\t\t\t\t<\/div>\n\t\t\t\t\t<\/div>\n\t\t<\/div>\n\t\t\t\t\t\t\t<\/div>\n\t\t<\/section>\n\t\t\t\t<section class=\"elementor-section elementor-top-section elementor-element elementor-element-46edf1c elementor-section-boxed elementor-section-height-default elementor-section-height-default\" data-id=\"46edf1c\" data-element_type=\"section\" data-settings=\"{&quot;background_background&quot;:&quot;gradient&quot;}\">\n\t\t\t\t\t\t<div class=\"elementor-container elementor-column-gap-default\">\n\t\t\t\t\t<div class=\"elementor-column elementor-col-20 elementor-top-column elementor-element elementor-element-797aef9\" data-id=\"797aef9\" data-element_type=\"column\">\n\t\t\t<div class=\"elementor-widget-wrap\">\n\t\t\t\t\t\t\t\t\t<\/div>\n\t\t<\/div>\n\t\t\t\t<div class=\"elementor-column elementor-col-20 elementor-top-column elementor-element elementor-element-48d9bce\" data-id=\"48d9bce\" data-element_type=\"column\">\n\t\t\t<div class=\"elementor-widget-wrap elementor-element-populated\">\n\t\t\t\t\t\t\t\t<div class=\"elementor-element elementor-element-dcc709d elementor-widget elementor-widget-image\" data-id=\"dcc709d\" data-element_type=\"widget\" data-widget_type=\"image.default\">\n\t\t\t\t<div class=\"elementor-widget-container\">\n\t\t\t<style>\/*! elementor - v3.6.6 - 08-06-2022 *\/\n.elementor-widget-image{text-align:center}.elementor-widget-image a{display:inline-block}.elementor-widget-image a img[src$=\".svg\"]{width:48px}.elementor-widget-image img{vertical-align:middle;display:inline-block}<\/style>\t\t\t\t\t\t\t\t\t\t\t\t\t<a href=\"https:\/\/terakids.pl\/\">\n\t\t\t\t\t\t\t<img width=\"580\" height=\"126\" src=\"https:\/\/terakids.pl\/wp-content\/uploads\/2022\/06\/logo-TERA-KIDS-new.jpg\" class=\"attachment-large size-large\" alt=\"\" loading=\"lazy\" srcset=\"https:\/\/terakids.pl\/wp-content\/uploads\/2022\/06\/logo-TERA-KIDS-new.jpg 591w, https:\/\/terakids.pl\/wp-content\/uploads\/2022\/06\/logo-TERA-KIDS-new-300x65.jpg 300w\" sizes=\"(max-width: 580px) 100vw, 580px\" \/>\t\t\t\t\t\t\t\t<\/a>\n\t\t\t\t\t\t\t\t\t\t\t\t\t\t\t<\/div>\n\t\t\t\t<\/div>\n\t\t\t\t\t<\/div>\n\t\t<\/div>\n\t\t\t\t<div class=\"elementor-column elementor-col-20 elementor-top-column elementor-element elementor-element-8dd7a23\" data-id=\"8dd7a23\" data-element_type=\"column\">\n\t\t\t<div class=\"elementor-widget-wrap elementor-element-populated\">\n\t\t\t\t\t\t\t\t<div class=\"elementor-element elementor-element-36de78c elementor-widget elementor-widget-text-editor\" data-id=\"36de78c\" data-element_type=\"widget\" data-widget_type=\"text-editor.default\">\n\t\t\t\t<div class=\"elementor-widget-container\">\n\t\t\t\t\t\t\t<p>Organ prowadz\u0105cy&nbsp;<\/p>\n<p>Niepubliczne Plac\u00f3wki TERA\u2014KIDS  :&nbsp;<\/p>\n<p><strong><span style=\"font-size: inherit; text-align: inherit; background-color: transparent; letter-spacing: -0.015em;\">Fundacja PARADYGMAT<\/span><\/strong><\/p>\n<p><span style=\"font-size: inherit; text-align: inherit; background-color: transparent; letter-spacing: -0.015em;\">ul. G\u00f3recka 10<\/span><\/p>\n<p><span style=\"font-size: inherit; text-align: inherit; background-color: transparent; letter-spacing: -0.015em;\">43-430 Skocz\u00f3w<\/span><\/p>\n<p><span style=\"font-size: inherit; text-align: inherit; background-color: transparent; letter-spacing: -0.015em;\">tel.: +48 794 221 101<\/span><\/p>\n<p><span style=\"font-size: inherit; text-align: inherit; background-color: transparent; letter-spacing: -0.015em;\">e-mail: fundacjaparadygmat@gmail.com<\/span><\/p>\n<p><strong><span style=\"font-size: inherit; text-align: inherit; background-color: transparent; letter-spacing: -0.015em;\">www.paradygmat.org<\/span><\/strong><\/p>\t\t\t\t\t\t<\/div>\n\t\t\t\t<\/div>\n\t\t\t\t\t<\/div>\n\t\t<\/div>\n\t\t\t\t<div class=\"elementor-column elementor-col-20 elementor-top-column elementor-element elementor-element-7b1db38\" data-id=\"7b1db38\" data-element_type=\"column\">\n\t\t\t<div class=\"elementor-widget-wrap elementor-element-populated\">\n\t\t\t\t\t\t\t\t<div class=\"elementor-element elementor-element-0156789 elementor-widget elementor-widget-image\" data-id=\"0156789\" data-element_type=\"widget\" data-widget_type=\"image.default\">\n\t\t\t\t<div class=\"elementor-widget-container\">\n\t\t\t\t\t\t\t\t\t\t\t\t\t\t\t\t<a href=\"https:\/\/paradygmat.org\/\">\n\t\t\t\t\t\t\t<img width=\"580\" height=\"184\" src=\"https:\/\/terakids.pl\/wp-content\/uploads\/2022\/06\/logo-PARADYGMAT.png\" class=\"attachment-large size-large\" alt=\"\" loading=\"lazy\" srcset=\"https:\/\/terakids.pl\/wp-content\/uploads\/2022\/06\/logo-PARADYGMAT.png 700w, https:\/\/terakids.pl\/wp-content\/uploads\/2022\/06\/logo-PARADYGMAT-300x95.png 300w\" sizes=\"(max-width: 580px) 100vw, 580px\" \/>\t\t\t\t\t\t\t\t<\/a>\n\t\t\t\t\t\t\t\t\t\t\t\t\t\t\t<\/div>\n\t\t\t\t<\/div>\n\t\t\t\t\t<\/div>\n\t\t<\/div>\n\t\t\t\t<div class=\"elementor-column elementor-col-20 elementor-top-column elementor-element elementor-element-9649d7d\" data-id=\"9649d7d\" data-element_type=\"column\">\n\t\t\t<div class=\"elementor-widget-wrap\">\n\t\t\t\t\t\t\t\t\t<\/div>\n\t\t<\/div>\n\t\t\t\t\t\t\t<\/div>\n\t\t<\/section>\n\t\t\t\t<section class=\"elementor-section elementor-top-section elementor-element elementor-element-dd2a63a elementor-section-boxed elementor-section-height-default elementor-section-height-default\" data-id=\"dd2a63a\" data-element_type=\"section\">\n\t\t\t\t\t\t<div class=\"elementor-container elementor-column-gap-default\">\n\t\t\t\t\t<div class=\"elementor-column elementor-col-100 elementor-top-column elementor-element elementor-element-9e1712a\" data-id=\"9e1712a\" data-element_type=\"column\">\n\t\t\t<div class=\"elementor-widget-wrap elementor-element-populated\">\n\t\t\t\t\t\t\t\t<div class=\"elementor-element elementor-element-04971e8 elementor-widget elementor-widget-text-editor\" data-id=\"04971e8\" data-element_type=\"widget\" data-widget_type=\"text-editor.default\">\n\t\t\t\t<div class=\"elementor-widget-container\">\n\t\t\t\t\t\t\t<p><a href=\"https:\/\/terakids.pl\/?page_id=430\" target=\"_blank\" rel=\"noopener\">Polityka prywatno\u015bci\u00a0<\/a>\u00a0 \u00a0 \u00a0|\u00a0 \u00a0 <a href=\"https:\/\/terakids.pl\/?page_id=445\" target=\"_blank\" rel=\"noopener\">\u00a0RODO<\/a><\/p>\t\t\t\t\t\t<\/div>\n\t\t\t\t<\/div>\n\t\t\t\t\t<\/div>\n\t\t<\/div>\n\t\t\t\t\t\t\t<\/div>\n\t\t<\/section>\n\t\t\t\t\t\t\t<\/div>\n\t\t","protected":false},"excerpt":{"rendered":"<p>Polityka prywatno\u015bci I. Informacje og\u00f3lne 1. Operatorem Serwisu www.terakids.pl jest Fundacja PARADYGMAT z&nbsp;siedzib\u0105w&nbsp;Skoczowie, ul. G\u00f3recka 10,43-430 Skocz\u00f3w, zwana dalej Fundacj\u0105. 2. Fundacja, jako podmiot prowadz\u0105cy Serwis, dba o&nbsp;ochron\u0119 prywatno\u015bci i&nbsp;informacjiprzekazywanych przez&nbsp;U\u017cytkownik\u00f3w Serwisu, a&nbsp;w&nbsp;szczeg\u00f3lno\u015bci ich danychosobowych; 3. Fundacja nie&nbsp;ujawnia przekazywanych przez&nbsp;U\u017cytkownik\u00f3w danych osobom trzecim,za wyj\u0105tkiem wypadk\u00f3w przewidzianych przez&nbsp;przepisy prawa, gdy&nbsp;tego rodzajuujawnienie danych jest obligatoryjne. II. Dane [&hellip;]<\/p>\n","protected":false},"author":2,"featured_media":0,"parent":0,"menu_order":0,"comment_status":"closed","ping_status":"closed","template":"elementor_header_footer","meta":{"om_disable_all_campaigns":false,"_monsterinsights_skip_tracking":false,"_monsterinsights_sitenote_active":false,"_monsterinsights_sitenote_note":"","_monsterinsights_sitenote_category":0},"_links":{"self":[{"href":"https:\/\/terakids.pl\/index.php?rest_route=\/wp\/v2\/pages\/430"}],"collection":[{"href":"https:\/\/terakids.pl\/index.php?rest_route=\/wp\/v2\/pages"}],"about":[{"href":"https:\/\/terakids.pl\/index.php?rest_route=\/wp\/v2\/types\/page"}],"author":[{"embeddable":true,"href":"https:\/\/terakids.pl\/index.php?rest_route=\/wp\/v2\/users\/2"}],"replies":[{"embeddable":true,"href":"https:\/\/terakids.pl\/index.php?rest_route=%2Fwp%2Fv2%2Fcomments&post=430"}],"version-history":[{"count":34,"href":"https:\/\/terakids.pl\/index.php?rest_route=\/wp\/v2\/pages\/430\/revisions"}],"predecessor-version":[{"id":799,"href":"https:\/\/terakids.pl\/index.php?rest_route=\/wp\/v2\/pages\/430\/revisions\/799"}],"wp:attachment":[{"href":"https:\/\/terakids.pl\/index.php?rest_route=%2Fwp%2Fv2%2Fmedia&parent=430"}],"curies":[{"name":"wp","href":"https:\/\/api.w.org\/{rel}","templated":true}]}}