{"id":131,"date":"2022-06-25T22:16:57","date_gmt":"2022-06-25T20:16:57","guid":{"rendered":"https:\/\/terakids.pl\/?page_id=131"},"modified":"2024-12-01T20:32:11","modified_gmt":"2024-12-01T19:32:11","slug":"tera-kids-gliwice","status":"publish","type":"page","link":"https:\/\/terakids.pl\/?page_id=131","title":{"rendered":"Niepubliczne Przedszkole Tera-Kids w Gliwicach"},"content":{"rendered":"\t\t<div data-elementor-type=\"wp-page\" data-elementor-id=\"131\" class=\"elementor elementor-131\">\n\t\t\t\t\t\t\t\t\t<section class=\"elementor-section elementor-top-section elementor-element elementor-element-53a3912 elementor-section-boxed elementor-section-height-default elementor-section-height-default\" data-id=\"53a3912\" data-element_type=\"section\" data-settings=\"{&quot;background_background&quot;:&quot;gradient&quot;}\">\n\t\t\t\t\t\t<div class=\"elementor-container elementor-column-gap-default\">\n\t\t\t\t\t<div class=\"elementor-column elementor-col-100 elementor-top-column elementor-element elementor-element-229976a\" data-id=\"229976a\" data-element_type=\"column\">\n\t\t\t<div class=\"elementor-widget-wrap elementor-element-populated\">\n\t\t\t\t\t\t\t\t<div class=\"elementor-element elementor-element-1853187 elementor-widget elementor-widget-heading\" data-id=\"1853187\" data-element_type=\"widget\" data-widget_type=\"heading.default\">\n\t\t\t\t<div class=\"elementor-widget-container\">\n\t\t\t<style>\/*! elementor - v3.6.6 - 08-06-2022 *\/\n.elementor-heading-title{padding:0;margin:0;line-height:1}.elementor-widget-heading .elementor-heading-title[class*=elementor-size-]>a{color:inherit;font-size:inherit;line-height:inherit}.elementor-widget-heading .elementor-heading-title.elementor-size-small{font-size:15px}.elementor-widget-heading .elementor-heading-title.elementor-size-medium{font-size:19px}.elementor-widget-heading .elementor-heading-title.elementor-size-large{font-size:29px}.elementor-widget-heading .elementor-heading-title.elementor-size-xl{font-size:39px}.elementor-widget-heading .elementor-heading-title.elementor-size-xxl{font-size:59px}<\/style><h2 class=\"elementor-heading-title elementor-size-default\">Niepubliczne Przedszkole TERA-KIDS w Gliwicach<\/h2>\t\t<\/div>\n\t\t\t\t<\/div>\n\t\t\t\t\t<\/div>\n\t\t<\/div>\n\t\t\t\t\t\t\t<\/div>\n\t\t<\/section>\n\t\t\t\t<section class=\"elementor-section elementor-top-section elementor-element elementor-element-c4b5c13 elementor-section-boxed elementor-section-height-default elementor-section-height-default\" data-id=\"c4b5c13\" data-element_type=\"section\">\n\t\t\t\t\t\t<div class=\"elementor-container elementor-column-gap-default\">\n\t\t\t\t\t<div class=\"elementor-column elementor-col-100 elementor-top-column elementor-element elementor-element-fda4e23\" data-id=\"fda4e23\" data-element_type=\"column\">\n\t\t\t<div class=\"elementor-widget-wrap elementor-element-populated\">\n\t\t\t\t\t\t\t\t<div class=\"elementor-element elementor-element-af73399 elementor-widget elementor-widget-image\" data-id=\"af73399\" data-element_type=\"widget\" data-widget_type=\"image.default\">\n\t\t\t\t<div class=\"elementor-widget-container\">\n\t\t\t<style>\/*! elementor - v3.6.6 - 08-06-2022 *\/\n.elementor-widget-image{text-align:center}.elementor-widget-image a{display:inline-block}.elementor-widget-image a img[src$=\".svg\"]{width:48px}.elementor-widget-image img{vertical-align:middle;display:inline-block}<\/style>\t\t\t\t\t\t\t\t\t\t\t\t<img width=\"1086\" height=\"1536\" src=\"https:\/\/terakids.pl\/wp-content\/uploads\/2024\/12\/102x-1086x1536.png\" class=\"attachment-1536x1536 size-1536x1536\" alt=\"\" loading=\"lazy\" srcset=\"https:\/\/terakids.pl\/wp-content\/uploads\/2024\/12\/102x-1086x1536.png 1086w, https:\/\/terakids.pl\/wp-content\/uploads\/2024\/12\/102x-212x300.png 212w, https:\/\/terakids.pl\/wp-content\/uploads\/2024\/12\/102x-724x1024.png 724w, https:\/\/terakids.pl\/wp-content\/uploads\/2024\/12\/102x-768x1086.png 768w, https:\/\/terakids.pl\/wp-content\/uploads\/2024\/12\/102x-1448x2048.png 1448w, https:\/\/terakids.pl\/wp-content\/uploads\/2024\/12\/102x-1200x1698.png 1200w, https:\/\/terakids.pl\/wp-content\/uploads\/2024\/12\/102x.png 1587w\" sizes=\"(max-width: 1086px) 100vw, 1086px\" \/>\t\t\t\t\t\t\t\t\t\t\t\t\t\t\t<\/div>\n\t\t\t\t<\/div>\n\t\t\t\t<div class=\"elementor-element elementor-element-8d1bfb3 elementor-widget elementor-widget-image\" data-id=\"8d1bfb3\" data-element_type=\"widget\" data-widget_type=\"image.default\">\n\t\t\t\t<div class=\"elementor-widget-container\">\n\t\t\t\t\t\t\t\t\t\t\t\t\t\t\t<img width=\"1086\" height=\"1536\" src=\"https:\/\/terakids.pl\/wp-content\/uploads\/2024\/12\/103x-1086x1536.png\" class=\"attachment-1536x1536 size-1536x1536\" alt=\"\" loading=\"lazy\" srcset=\"https:\/\/terakids.pl\/wp-content\/uploads\/2024\/12\/103x-1086x1536.png 1086w, https:\/\/terakids.pl\/wp-content\/uploads\/2024\/12\/103x-212x300.png 212w, https:\/\/terakids.pl\/wp-content\/uploads\/2024\/12\/103x-724x1024.png 724w, https:\/\/terakids.pl\/wp-content\/uploads\/2024\/12\/103x-768x1086.png 768w, https:\/\/terakids.pl\/wp-content\/uploads\/2024\/12\/103x-1448x2048.png 1448w, https:\/\/terakids.pl\/wp-content\/uploads\/2024\/12\/103x-1200x1698.png 1200w, https:\/\/terakids.pl\/wp-content\/uploads\/2024\/12\/103x.png 1587w\" sizes=\"(max-width: 1086px) 100vw, 1086px\" \/>\t\t\t\t\t\t\t\t\t\t\t\t\t\t\t<\/div>\n\t\t\t\t<\/div>\n\t\t\t\t\t<\/div>\n\t\t<\/div>\n\t\t\t\t\t\t\t<\/div>\n\t\t<\/section>\n\t\t\t\t<section class=\"elementor-section elementor-top-section elementor-element elementor-element-2cd46af elementor-section-boxed elementor-section-height-default elementor-section-height-default\" data-id=\"2cd46af\" data-element_type=\"section\">\n\t\t\t\t\t\t<div class=\"elementor-container elementor-column-gap-default\">\n\t\t\t\t\t<div class=\"elementor-column elementor-col-100 elementor-top-column elementor-element elementor-element-931227f\" data-id=\"931227f\" data-element_type=\"column\">\n\t\t\t<div class=\"elementor-widget-wrap elementor-element-populated\">\n\t\t\t\t\t\t\t\t<div class=\"elementor-element elementor-element-82e5a07 elementor-widget elementor-widget-text-editor\" data-id=\"82e5a07\" data-element_type=\"widget\" data-widget_type=\"text-editor.default\">\n\t\t\t\t<div class=\"elementor-widget-container\">\n\t\t\t<style>\/*! elementor - v3.6.6 - 08-06-2022 *\/\n.elementor-widget-text-editor.elementor-drop-cap-view-stacked .elementor-drop-cap{background-color:#818a91;color:#fff}.elementor-widget-text-editor.elementor-drop-cap-view-framed .elementor-drop-cap{color:#818a91;border:3px solid;background-color:transparent}.elementor-widget-text-editor:not(.elementor-drop-cap-view-default) .elementor-drop-cap{margin-top:8px}.elementor-widget-text-editor:not(.elementor-drop-cap-view-default) .elementor-drop-cap-letter{width:1em;height:1em}.elementor-widget-text-editor .elementor-drop-cap{float:left;text-align:center;line-height:1;font-size:50px}.elementor-widget-text-editor .elementor-drop-cap-letter{display:inline-block}<\/style>\t\t\t\t<p>Kontakt<\/p>\t\t\t\t\t\t<\/div>\n\t\t\t\t<\/div>\n\t\t\t\t<div class=\"elementor-element elementor-element-dacb6f9 elementor-widget elementor-widget-text-editor\" data-id=\"dacb6f9\" data-element_type=\"widget\" data-widget_type=\"text-editor.default\">\n\t\t\t\t<div class=\"elementor-widget-container\">\n\t\t\t\t\t\t\t<p>Niepubliczne Przedszkole TERA-KIDS w Gliwicach<\/p><p>ul. B\u0142ogos\u0142awionego Czes\u0142awa 13 b<\/p><p>44-100 Gliwice<\/p><p>+48 794 221 101<\/p><p>e-mail: terakidsgliwice@gmail.com<\/p>\t\t\t\t\t\t<\/div>\n\t\t\t\t<\/div>\n\t\t\t\t\t<\/div>\n\t\t<\/div>\n\t\t\t\t\t\t\t<\/div>\n\t\t<\/section>\n\t\t\t\t<section class=\"elementor-section elementor-top-section elementor-element elementor-element-db54679 elementor-section-boxed elementor-section-height-default elementor-section-height-default\" data-id=\"db54679\" data-element_type=\"section\" data-settings=\"{&quot;background_background&quot;:&quot;gradient&quot;}\">\n\t\t\t\t\t\t<div class=\"elementor-container elementor-column-gap-default\">\n\t\t\t\t\t<div class=\"elementor-column elementor-col-20 elementor-top-column elementor-element elementor-element-e7bc851\" data-id=\"e7bc851\" data-element_type=\"column\">\n\t\t\t<div class=\"elementor-widget-wrap\">\n\t\t\t\t\t\t\t\t\t<\/div>\n\t\t<\/div>\n\t\t\t\t<div class=\"elementor-column elementor-col-20 elementor-top-column elementor-element elementor-element-45867ef\" data-id=\"45867ef\" data-element_type=\"column\">\n\t\t\t<div class=\"elementor-widget-wrap elementor-element-populated\">\n\t\t\t\t\t\t\t\t<div class=\"elementor-element elementor-element-aa801a1 elementor-widget elementor-widget-image\" data-id=\"aa801a1\" data-element_type=\"widget\" data-widget_type=\"image.default\">\n\t\t\t\t<div class=\"elementor-widget-container\">\n\t\t\t\t\t\t\t\t\t\t\t\t\t\t\t\t<a href=\"https:\/\/terakids.pl\/\">\n\t\t\t\t\t\t\t<img width=\"580\" height=\"126\" src=\"https:\/\/terakids.pl\/wp-content\/uploads\/2022\/06\/logo-TERA-KIDS-new.jpg\" class=\"attachment-large size-large\" alt=\"\" loading=\"lazy\" srcset=\"https:\/\/terakids.pl\/wp-content\/uploads\/2022\/06\/logo-TERA-KIDS-new.jpg 591w, https:\/\/terakids.pl\/wp-content\/uploads\/2022\/06\/logo-TERA-KIDS-new-300x65.jpg 300w\" sizes=\"(max-width: 580px) 100vw, 580px\" \/>\t\t\t\t\t\t\t\t<\/a>\n\t\t\t\t\t\t\t\t\t\t\t\t\t\t\t<\/div>\n\t\t\t\t<\/div>\n\t\t\t\t\t<\/div>\n\t\t<\/div>\n\t\t\t\t<div class=\"elementor-column elementor-col-20 elementor-top-column elementor-element elementor-element-c854b04\" data-id=\"c854b04\" data-element_type=\"column\">\n\t\t\t<div class=\"elementor-widget-wrap elementor-element-populated\">\n\t\t\t\t\t\t\t\t<div class=\"elementor-element elementor-element-e8b29f1 elementor-widget elementor-widget-text-editor\" data-id=\"e8b29f1\" data-element_type=\"widget\" data-widget_type=\"text-editor.default\">\n\t\t\t\t<div class=\"elementor-widget-container\">\n\t\t\t\t\t\t\t<p>Organ prowadz\u0105cy\u00a0<\/p><p>Niepubliczne Plac\u00f3wki TERA\u2014KIDS :\u00a0<\/p><p><strong><span style=\"font-size: inherit; text-align: inherit; background-color: transparent; letter-spacing: -0.015em;\">Fundacja PARADYGMAT<\/span><\/strong><\/p><p><span style=\"font-size: inherit; text-align: inherit; background-color: transparent; letter-spacing: -0.015em;\">ul. G\u00f3recka 10<\/span><\/p><p><span style=\"font-size: inherit; text-align: inherit; background-color: transparent; letter-spacing: -0.015em;\">43-430 Skocz\u00f3w<\/span><\/p><p><span style=\"font-size: inherit; text-align: inherit; background-color: transparent; letter-spacing: -0.015em;\">tel.: +48 794 221 101<\/span><\/p><p><span style=\"font-size: inherit; text-align: inherit; background-color: transparent; letter-spacing: -0.015em;\">e-mail: fundacjaparadygmat@gmail.com<\/span><\/p><p><strong><span style=\"font-size: inherit; text-align: inherit; background-color: transparent; letter-spacing: -0.015em;\">www.paradygmat.org<\/span><\/strong><\/p>\t\t\t\t\t\t<\/div>\n\t\t\t\t<\/div>\n\t\t\t\t\t<\/div>\n\t\t<\/div>\n\t\t\t\t<div class=\"elementor-column elementor-col-20 elementor-top-column elementor-element elementor-element-b8bbcf3\" data-id=\"b8bbcf3\" data-element_type=\"column\">\n\t\t\t<div class=\"elementor-widget-wrap elementor-element-populated\">\n\t\t\t\t\t\t\t\t<div class=\"elementor-element elementor-element-6081766 elementor-widget elementor-widget-image\" data-id=\"6081766\" data-element_type=\"widget\" data-widget_type=\"image.default\">\n\t\t\t\t<div class=\"elementor-widget-container\">\n\t\t\t\t\t\t\t\t\t\t\t\t\t\t\t\t<a href=\"https:\/\/paradygmat.org\/\">\n\t\t\t\t\t\t\t<img width=\"580\" height=\"184\" src=\"https:\/\/terakids.pl\/wp-content\/uploads\/2022\/06\/logo-PARADYGMAT.png\" class=\"attachment-large size-large\" alt=\"\" loading=\"lazy\" srcset=\"https:\/\/terakids.pl\/wp-content\/uploads\/2022\/06\/logo-PARADYGMAT.png 700w, https:\/\/terakids.pl\/wp-content\/uploads\/2022\/06\/logo-PARADYGMAT-300x95.png 300w\" sizes=\"(max-width: 580px) 100vw, 580px\" \/>\t\t\t\t\t\t\t\t<\/a>\n\t\t\t\t\t\t\t\t\t\t\t\t\t\t\t<\/div>\n\t\t\t\t<\/div>\n\t\t\t\t\t<\/div>\n\t\t<\/div>\n\t\t\t\t<div class=\"elementor-column elementor-col-20 elementor-top-column elementor-element elementor-element-ae7050e\" data-id=\"ae7050e\" data-element_type=\"column\">\n\t\t\t<div class=\"elementor-widget-wrap\">\n\t\t\t\t\t\t\t\t\t<\/div>\n\t\t<\/div>\n\t\t\t\t\t\t\t<\/div>\n\t\t<\/section>\n\t\t\t\t<section class=\"elementor-section elementor-top-section elementor-element elementor-element-128f443 elementor-section-boxed elementor-section-height-default elementor-section-height-default\" data-id=\"128f443\" data-element_type=\"section\">\n\t\t\t\t\t\t<div class=\"elementor-container elementor-column-gap-default\">\n\t\t\t\t\t<div class=\"elementor-column elementor-col-100 elementor-top-column elementor-element elementor-element-f7b7189\" data-id=\"f7b7189\" data-element_type=\"column\">\n\t\t\t<div class=\"elementor-widget-wrap elementor-element-populated\">\n\t\t\t\t\t\t\t\t<div class=\"elementor-element elementor-element-a56c1a8 elementor-widget elementor-widget-text-editor\" data-id=\"a56c1a8\" data-element_type=\"widget\" data-widget_type=\"text-editor.default\">\n\t\t\t\t<div class=\"elementor-widget-container\">\n\t\t\t\t\t\t\t<p><a href=\"https:\/\/terakids.pl\/?page_id=430\" target=\"_blank\" rel=\"noopener\">Polityka prywatno\u015bci\u00a0<\/a>\u00a0 \u00a0 \u00a0|\u00a0 \u00a0 <a href=\"https:\/\/terakids.pl\/?page_id=445\" target=\"_blank\" rel=\"noopener\">\u00a0RODO<\/a><\/p>\t\t\t\t\t\t<\/div>\n\t\t\t\t<\/div>\n\t\t\t\t\t<\/div>\n\t\t<\/div>\n\t\t\t\t\t\t\t<\/div>\n\t\t<\/section>\n\t\t\t\t\t\t\t<\/div>\n\t\t","protected":false},"excerpt":{"rendered":"<p>Niepubliczne Przedszkole TERA-KIDS w Gliwicach Kontakt Niepubliczne Przedszkole TERA-KIDS w Gliwicach ul. B\u0142ogos\u0142awionego Czes\u0142awa 13 b 44-100 Gliwice +48 794 221 101 e-mail: terakidsgliwice@gmail.com Organ prowadz\u0105cy\u00a0 Niepubliczne Plac\u00f3wki TERA\u2014KIDS :\u00a0 Fundacja PARADYGMAT ul. G\u00f3recka 10 43-430 Skocz\u00f3w tel.: +48 794 221 101 e-mail: fundacjaparadygmat@gmail.com www.paradygmat.org Polityka prywatno\u015bci\u00a0\u00a0 \u00a0 \u00a0|\u00a0 \u00a0 \u00a0RODO<\/p>\n","protected":false},"author":2,"featured_media":0,"parent":0,"menu_order":0,"comment_status":"closed","ping_status":"closed","template":"elementor_header_footer","meta":{"om_disable_all_campaigns":false,"_monsterinsights_skip_tracking":false,"_monsterinsights_sitenote_active":false,"_monsterinsights_sitenote_note":"","_monsterinsights_sitenote_category":0},"_links":{"self":[{"href":"https:\/\/terakids.pl\/index.php?rest_route=\/wp\/v2\/pages\/131"}],"collection":[{"href":"https:\/\/terakids.pl\/index.php?rest_route=\/wp\/v2\/pages"}],"about":[{"href":"https:\/\/terakids.pl\/index.php?rest_route=\/wp\/v2\/types\/page"}],"author":[{"embeddable":true,"href":"https:\/\/terakids.pl\/index.php?rest_route=\/wp\/v2\/users\/2"}],"replies":[{"embeddable":true,"href":"https:\/\/terakids.pl\/index.php?rest_route=%2Fwp%2Fv2%2Fcomments&post=131"}],"version-history":[{"count":83,"href":"https:\/\/terakids.pl\/index.php?rest_route=\/wp\/v2\/pages\/131\/revisions"}],"predecessor-version":[{"id":1000,"href":"https:\/\/terakids.pl\/index.php?rest_route=\/wp\/v2\/pages\/131\/revisions\/1000"}],"wp:attachment":[{"href":"https:\/\/terakids.pl\/index.php?rest_route=%2Fwp%2Fv2%2Fmedia&parent=131"}],"curies":[{"name":"wp","href":"https:\/\/api.w.org\/{rel}","templated":true}]}}